{"id":110,"date":"2023-03-06T17:42:26","date_gmt":"2023-03-06T17:42:26","guid":{"rendered":"https:\/\/www.pszow.info\/?page_id=110"},"modified":"2023-03-06T18:09:57","modified_gmt":"2023-03-06T18:09:57","slug":"formularz-kontaktowy","status":"publish","type":"page","link":"https:\/\/www.pszow.info\/?page_id=110","title":{"rendered":"Formularz kontaktowy"},"content":{"rendered":"\n<p>Je\u015bli maj\u0105 Pa\u0144stwo jakie\u015b pytania odno\u015bnie spraw dotycz\u0105cych naszego miasta, a z jakiego\u015b wzgl\u0119du nie chc\u0105 Pa\u0144stwo osobi\u015bcie zapyta\u0107 o dany temat, to zapraszam do kontaktu!<\/p>\n\n\n\n<p>Nie wymagamy podania imienia, nazwiska, czy adresu email! Jednak podanie np adresu email pozwoli na kontakt zwrotny \ud83d\ude42<\/p>\n\n\n\n<div class=\"wp-block-contact-form-7-contact-form-selector\">\n<div class=\"wpcf7 no-js\" id=\"wpcf7-f109-o1\" lang=\"pl-PL\" dir=\"ltr\" data-wpcf7-id=\"109\">\n<div class=\"screen-reader-response\"><p role=\"status\" aria-live=\"polite\" aria-atomic=\"true\"><\/p> <ul><\/ul><\/div>\n<form action=\"\/index.php?rest_route=%2Fwp%2Fv2%2Fpages%2F110#wpcf7-f109-o1\" method=\"post\" class=\"wpcf7-form init\" aria-label=\"Formularz kontaktowy\" enctype=\"multipart\/form-data\" novalidate=\"novalidate\" data-status=\"init\">\n<fieldset class=\"hidden-fields-container\"><input type=\"hidden\" name=\"_wpcf7\" value=\"109\" \/><input type=\"hidden\" name=\"_wpcf7_version\" value=\"6.1.4\" \/><input type=\"hidden\" name=\"_wpcf7_locale\" value=\"pl_PL\" \/><input type=\"hidden\" name=\"_wpcf7_unit_tag\" value=\"wpcf7-f109-o1\" \/><input type=\"hidden\" name=\"_wpcf7_container_post\" value=\"0\" \/><input type=\"hidden\" name=\"_wpcf7_posted_data_hash\" value=\"\" \/>\n<\/fieldset>\n<p><label> Imi\u0119 i nazwisko (opcjonalne) <\/label><br \/>\n<span class=\"wpcf7-form-control-wrap\" data-name=\"Imiinazwisko\"><input size=\"40\" maxlength=\"400\" class=\"wpcf7-form-control wpcf7-text\" aria-invalid=\"false\" value=\"\" type=\"text\" name=\"Imiinazwisko\" \/><\/span>\n<\/p>\n<p><label> Tw\u00f3j adres e-mail (opcjonalne)<br \/>\n<span class=\"wpcf7-form-control-wrap\" data-name=\"your-email\"><input size=\"40\" maxlength=\"400\" class=\"wpcf7-form-control wpcf7-email wpcf7-text wpcf7-validates-as-email\" autocomplete=\"email\" aria-invalid=\"false\" value=\"\" type=\"email\" name=\"your-email\" \/><\/span> <\/label>\n<\/p>\n<p><label> Temat<br \/>\n<span class=\"wpcf7-form-control-wrap\" data-name=\"your-subject\"><input size=\"40\" maxlength=\"400\" class=\"wpcf7-form-control wpcf7-text wpcf7-validates-as-required\" aria-required=\"true\" aria-invalid=\"false\" value=\"\" type=\"text\" name=\"your-subject\" \/><\/span> <\/label>\n<\/p>\n<p><label> Twoja wiadomo\u015bci<br \/>\n<span class=\"wpcf7-form-control-wrap\" data-name=\"your-message\"><textarea cols=\"40\" rows=\"10\" maxlength=\"2000\" class=\"wpcf7-form-control wpcf7-textarea\" aria-invalid=\"false\" name=\"your-message\"><\/textarea><\/span> <\/label>\n<\/p>\n<p><span class=\"wpcf7-form-control-wrap\" data-name=\"plik_forumularz1\"><input size=\"40\" class=\"wpcf7-form-control wpcf7-file\" accept=\"audio\/*,video\/*,image\/*\" aria-invalid=\"false\" type=\"file\" name=\"plik_forumularz1\" \/><\/span><br \/>\n<span class=\"wpcf7-form-control-wrap\" data-name=\"plik_forumularz2\"><input size=\"40\" class=\"wpcf7-form-control wpcf7-file\" accept=\"audio\/*,video\/*,image\/*\" aria-invalid=\"false\" type=\"file\" name=\"plik_forumularz2\" \/><\/span><br \/>\n<span class=\"wpcf7-form-control-wrap\" data-name=\"plik_forumularz3\"><input size=\"40\" class=\"wpcf7-form-control wpcf7-file\" accept=\"audio\/*,video\/*,image\/*\" aria-invalid=\"false\" type=\"file\" name=\"plik_forumularz3\" \/><\/span>\n<\/p>\n<p><input class=\"wpcf7-form-control wpcf7-submit has-spinner\" type=\"submit\" value=\"Wy\u015blij\" \/>\n<\/p><input type=\"hidden\" id=\"ct_checkjs_cf7_a2557a7b2e94197ff767970b67041697\" name=\"ct_checkjs_cf7\" value=\"0\" \/><script >setTimeout(function(){var ct_input_name = \"ct_checkjs_cf7_a2557a7b2e94197ff767970b67041697\";if (document.getElementById(ct_input_name) !== null) {var ct_input_value = document.getElementById(ct_input_name).value;document.getElementById(ct_input_name).value = document.getElementById(ct_input_name).value.replace(ct_input_value, '7f6e0e43236fd61608865dd7c6c30733276826b518bc1d8efa96d2dcf7ebfc07');}}, 1000);<\/script><input\n                    class=\"apbct_special_field apbct_email_id__wp_contact_form_7\"\n                    name=\"apbct__email_id__wp_contact_form_7\"\n                    aria-label=\"apbct__label_id__wp_contact_form_7\"\n                    type=\"text\" size=\"30\" maxlength=\"200\" autocomplete=\"off\"\n                    value=\"\"\n                \/><div class=\"wpcf7-response-output\" aria-hidden=\"true\"><\/div>\n<\/form>\n<\/div>\n<\/div>\n","protected":false},"excerpt":{"rendered":"<p>Je\u015bli maj\u0105 Pa\u0144stwo jakie\u015b pytania odno\u015bnie spraw dotycz\u0105cych naszego miasta, a z jakiego\u015b wzgl\u0119du nie chc\u0105 Pa\u0144stwo osobi\u015bcie zapyta\u0107 o dany temat, to zapraszam do kontaktu! Nie wymagamy podania imienia, nazwiska, czy adresu email! Jednak podanie np adresu email pozwoli&#8230;<\/p>\n","protected":false},"author":1,"featured_media":0,"parent":0,"menu_order":0,"comment_status":"closed","ping_status":"closed","template":"","meta":{"footnotes":""},"class_list":["post-110","page","type-page","status-publish","hentry"],"yoast_head":"<!-- This site is optimized with the Yoast SEO plugin v26.5 - https:\/\/yoast.com\/wordpress\/plugins\/seo\/ -->\n<title>Formularz kontaktowy - pszow.info<\/title>\n<meta name=\"robots\" content=\"index, follow, max-snippet:-1, max-image-preview:large, max-video-preview:-1\" \/>\n<link rel=\"canonical\" href=\"https:\/\/www.pszow.info\/?page_id=110\" \/>\n<meta property=\"og:locale\" content=\"pl_PL\" \/>\n<meta property=\"og:type\" content=\"article\" \/>\n<meta property=\"og:title\" content=\"Formularz kontaktowy - pszow.info\" \/>\n<meta property=\"og:description\" content=\"Je\u015bli maj\u0105 Pa\u0144stwo jakie\u015b pytania odno\u015bnie spraw dotycz\u0105cych naszego miasta, a z jakiego\u015b wzgl\u0119du nie chc\u0105 Pa\u0144stwo osobi\u015bcie zapyta\u0107 o dany temat, to zapraszam do kontaktu! Nie wymagamy podania imienia, nazwiska, czy adresu email! Jednak podanie np adresu email pozwoli...\" \/>\n<meta property=\"og:url\" content=\"https:\/\/www.pszow.info\/?page_id=110\" \/>\n<meta property=\"og:site_name\" content=\"pszow.info\" \/>\n<meta property=\"article:modified_time\" content=\"2023-03-06T18:09:57+00:00\" \/>\n<meta name=\"twitter:card\" content=\"summary_large_image\" \/>\n<script type=\"application\/ld+json\" class=\"yoast-schema-graph\">{\"@context\":\"https:\/\/schema.org\",\"@graph\":[{\"@type\":\"WebPage\",\"@id\":\"https:\/\/www.pszow.info\/?page_id=110\",\"url\":\"https:\/\/www.pszow.info\/?page_id=110\",\"name\":\"Formularz kontaktowy - pszow.info\",\"isPartOf\":{\"@id\":\"https:\/\/www.pszow.info\/#website\"},\"datePublished\":\"2023-03-06T17:42:26+00:00\",\"dateModified\":\"2023-03-06T18:09:57+00:00\",\"breadcrumb\":{\"@id\":\"https:\/\/www.pszow.info\/?page_id=110#breadcrumb\"},\"inLanguage\":\"pl-PL\",\"potentialAction\":[{\"@type\":\"ReadAction\",\"target\":[\"https:\/\/www.pszow.info\/?page_id=110\"]}]},{\"@type\":\"BreadcrumbList\",\"@id\":\"https:\/\/www.pszow.info\/?page_id=110#breadcrumb\",\"itemListElement\":[{\"@type\":\"ListItem\",\"position\":1,\"name\":\"Strona g\u0142\u00f3wna\",\"item\":\"https:\/\/www.pszow.info\/\"},{\"@type\":\"ListItem\",\"position\":2,\"name\":\"Formularz kontaktowy\"}]},{\"@type\":\"WebSite\",\"@id\":\"https:\/\/www.pszow.info\/#website\",\"url\":\"https:\/\/www.pszow.info\/\",\"name\":\"pszow.info\",\"description\":\"Jawna strona miasta\",\"publisher\":{\"@id\":\"https:\/\/www.pszow.info\/#organization\"},\"potentialAction\":[{\"@type\":\"SearchAction\",\"target\":{\"@type\":\"EntryPoint\",\"urlTemplate\":\"https:\/\/www.pszow.info\/?s={search_term_string}\"},\"query-input\":{\"@type\":\"PropertyValueSpecification\",\"valueRequired\":true,\"valueName\":\"search_term_string\"}}],\"inLanguage\":\"pl-PL\"},{\"@type\":\"Organization\",\"@id\":\"https:\/\/www.pszow.info\/#organization\",\"name\":\"pszow.info\",\"url\":\"https:\/\/www.pszow.info\/\",\"logo\":{\"@type\":\"ImageObject\",\"inLanguage\":\"pl-PL\",\"@id\":\"https:\/\/www.pszow.info\/#\/schema\/logo\/image\/\",\"url\":\"https:\/\/www.pszow.info\/wp-content\/uploads\/2022\/12\/cropped-Pszow.png\",\"contentUrl\":\"https:\/\/www.pszow.info\/wp-content\/uploads\/2022\/12\/cropped-Pszow.png\",\"width\":500,\"height\":250,\"caption\":\"pszow.info\"},\"image\":{\"@id\":\"https:\/\/www.pszow.info\/#\/schema\/logo\/image\/\"}}]}<\/script>\n<!-- \/ Yoast SEO plugin. -->","yoast_head_json":{"title":"Formularz kontaktowy - pszow.info","robots":{"index":"index","follow":"follow","max-snippet":"max-snippet:-1","max-image-preview":"max-image-preview:large","max-video-preview":"max-video-preview:-1"},"canonical":"https:\/\/www.pszow.info\/?page_id=110","og_locale":"pl_PL","og_type":"article","og_title":"Formularz kontaktowy - pszow.info","og_description":"Je\u015bli maj\u0105 Pa\u0144stwo jakie\u015b pytania odno\u015bnie spraw dotycz\u0105cych naszego miasta, a z jakiego\u015b wzgl\u0119du nie chc\u0105 Pa\u0144stwo osobi\u015bcie zapyta\u0107 o dany temat, to zapraszam do kontaktu! Nie wymagamy podania imienia, nazwiska, czy adresu email! Jednak podanie np adresu email pozwoli...","og_url":"https:\/\/www.pszow.info\/?page_id=110","og_site_name":"pszow.info","article_modified_time":"2023-03-06T18:09:57+00:00","twitter_card":"summary_large_image","schema":{"@context":"https:\/\/schema.org","@graph":[{"@type":"WebPage","@id":"https:\/\/www.pszow.info\/?page_id=110","url":"https:\/\/www.pszow.info\/?page_id=110","name":"Formularz kontaktowy - pszow.info","isPartOf":{"@id":"https:\/\/www.pszow.info\/#website"},"datePublished":"2023-03-06T17:42:26+00:00","dateModified":"2023-03-06T18:09:57+00:00","breadcrumb":{"@id":"https:\/\/www.pszow.info\/?page_id=110#breadcrumb"},"inLanguage":"pl-PL","potentialAction":[{"@type":"ReadAction","target":["https:\/\/www.pszow.info\/?page_id=110"]}]},{"@type":"BreadcrumbList","@id":"https:\/\/www.pszow.info\/?page_id=110#breadcrumb","itemListElement":[{"@type":"ListItem","position":1,"name":"Strona g\u0142\u00f3wna","item":"https:\/\/www.pszow.info\/"},{"@type":"ListItem","position":2,"name":"Formularz kontaktowy"}]},{"@type":"WebSite","@id":"https:\/\/www.pszow.info\/#website","url":"https:\/\/www.pszow.info\/","name":"pszow.info","description":"Jawna strona miasta","publisher":{"@id":"https:\/\/www.pszow.info\/#organization"},"potentialAction":[{"@type":"SearchAction","target":{"@type":"EntryPoint","urlTemplate":"https:\/\/www.pszow.info\/?s={search_term_string}"},"query-input":{"@type":"PropertyValueSpecification","valueRequired":true,"valueName":"search_term_string"}}],"inLanguage":"pl-PL"},{"@type":"Organization","@id":"https:\/\/www.pszow.info\/#organization","name":"pszow.info","url":"https:\/\/www.pszow.info\/","logo":{"@type":"ImageObject","inLanguage":"pl-PL","@id":"https:\/\/www.pszow.info\/#\/schema\/logo\/image\/","url":"https:\/\/www.pszow.info\/wp-content\/uploads\/2022\/12\/cropped-Pszow.png","contentUrl":"https:\/\/www.pszow.info\/wp-content\/uploads\/2022\/12\/cropped-Pszow.png","width":500,"height":250,"caption":"pszow.info"},"image":{"@id":"https:\/\/www.pszow.info\/#\/schema\/logo\/image\/"}}]}},"_links":{"self":[{"href":"https:\/\/www.pszow.info\/index.php?rest_route=\/wp\/v2\/pages\/110","targetHints":{"allow":["GET"]}}],"collection":[{"href":"https:\/\/www.pszow.info\/index.php?rest_route=\/wp\/v2\/pages"}],"about":[{"href":"https:\/\/www.pszow.info\/index.php?rest_route=\/wp\/v2\/types\/page"}],"author":[{"embeddable":true,"href":"https:\/\/www.pszow.info\/index.php?rest_route=\/wp\/v2\/users\/1"}],"replies":[{"embeddable":true,"href":"https:\/\/www.pszow.info\/index.php?rest_route=%2Fwp%2Fv2%2Fcomments&post=110"}],"version-history":[{"count":5,"href":"https:\/\/www.pszow.info\/index.php?rest_route=\/wp\/v2\/pages\/110\/revisions"}],"predecessor-version":[{"id":118,"href":"https:\/\/www.pszow.info\/index.php?rest_route=\/wp\/v2\/pages\/110\/revisions\/118"}],"wp:attachment":[{"href":"https:\/\/www.pszow.info\/index.php?rest_route=%2Fwp%2Fv2%2Fmedia&parent=110"}],"curies":[{"name":"wp","href":"https:\/\/api.w.org\/{rel}","templated":true}]}}